{"id":15,"date":"2014-07-17T16:09:02","date_gmt":"2014-07-17T14:09:02","guid":{"rendered":"http:\/\/travel.zoz.de\/?page_id=15"},"modified":"2014-10-16T11:00:06","modified_gmt":"2014-10-16T09:00:06","slug":"geschaeftsreisen","status":"publish","type":"page","link":"https:\/\/travel.zoz.de\/?page_id=15","title":{"rendered":"Gesch\u00e4ftsreisen"},"content":{"rendered":"<div>\n<p><strong>Fragen Sie Ihre n\u00e4chste Dienstreise bei uns an!<\/strong><br \/>\n\u201eHeute kann man auf vielen Wegen und mit vielen Luftfahrtgesellschaften z. B. nach Tokyo reisen und dabei f\u00fcr ein Business-Ticket \u20ac 5.000,00 oder eben nur \u20ac 2.300,00 ausgeben. Man kann in Bishkek f\u00fcr \u20ac 200,00 aber auch f\u00fcr \u20ac 70,00 im gleichen Luxury-Hotel \u00fcbernachten.<\/p>\n<p><strong>Kosten runter &#8211; Nutzen hoch und sehr viel Zeit sparen.<\/strong><br \/>\nIm Gesch\u00e4ftsreise-Management k\u00f6nnen wir auf unsere kontinuierlich gewachsene Erfahrung aus vielen Jahren erfolgreicher Reisevermittlung zur\u00fcckgreifen. Denn nur wer sich perfekt auskennt, kann ausgezeichnet beraten. Bei uns stehen Ihre W\u00fcnsche und Bed\u00fcrfnisse im Mittepunkt. Vertrauen Sie auf unsere Kompetenz, denn wir m\u00f6chten dass Sie immer ausgezeichnet beraten werden und bieten Ihnen somit ma\u00dfgeschneiderte Gesch\u00e4ftsreisen aus einer Hand.<\/p>\n<p><strong>Unsere Erfahrung zahlt sich aus!<\/strong><br \/>\nBestens geschulte und IHK-gepr\u00fcften Reiseverkehrskaufleute sind immer auf dem aktuellsten Stand und haben f\u00fcr Ihre Fragen und W\u00fcnsche stets ein offenes Ohr. Wir wissen, was Sie wollen denn dank des unabh\u00e4ngigen Angebots von Zoz Travel planen und buchen wir pers\u00f6nlich Ihr ma\u00dfgeschneidertes Reisepaket zum Bestpreis. Egal ob Flug, Hotel, Mietwagen oder Bahnreise \u2013 bei uns bekommen Sie alles aus einer Hand und das ohne Kompromisse und ohne langwierige Suche. Wir haben f\u00fcr Sie die Auswahl und die Kosten immer im Blick: Linienflug oder Low-Cost-Airline, drei, vier oder f\u00fcnf Sterne, Kombi oder Limousine \u2013 wir finden f\u00fcr Sie und jedes Budget die optimale L\u00f6sung.<\/p>\n<p>Gerne erstellen wir Ihnen ein unverbindliches Angebot, denn vergleichen lohnt sich!<\/p>\n<\/div>\n","protected":false},"excerpt":{"rendered":"<p>Fragen Sie Ihre n\u00e4chste Dienstreise bei uns an! \u201eHeute kann man auf vielen Wegen und mit vielen Luftfahrtgesellschaften z. B. nach Tokyo reisen und dabei f\u00fcr ein Business-Ticket \u20ac 5.000,00 oder eben nur \u20ac 2.300,00 ausgeben. Man kann in Bishkek&hellip; <\/p>\n","protected":false},"author":1,"featured_media":0,"parent":0,"menu_order":0,"comment_status":"closed","ping_status":"closed","template":"","meta":[],"_links":{"self":[{"href":"https:\/\/travel.zoz.de\/index.php?rest_route=\/wp\/v2\/pages\/15"}],"collection":[{"href":"https:\/\/travel.zoz.de\/index.php?rest_route=\/wp\/v2\/pages"}],"about":[{"href":"https:\/\/travel.zoz.de\/index.php?rest_route=\/wp\/v2\/types\/page"}],"author":[{"embeddable":true,"href":"https:\/\/travel.zoz.de\/index.php?rest_route=\/wp\/v2\/users\/1"}],"replies":[{"embeddable":true,"href":"https:\/\/travel.zoz.de\/index.php?rest_route=%2Fwp%2Fv2%2Fcomments&post=15"}],"version-history":[{"count":1,"href":"https:\/\/travel.zoz.de\/index.php?rest_route=\/wp\/v2\/pages\/15\/revisions"}],"predecessor-version":[{"id":16,"href":"https:\/\/travel.zoz.de\/index.php?rest_route=\/wp\/v2\/pages\/15\/revisions\/16"}],"wp:attachment":[{"href":"https:\/\/travel.zoz.de\/index.php?rest_route=%2Fwp%2Fv2%2Fmedia&parent=15"}],"curies":[{"name":"wp","href":"https:\/\/api.w.org\/{rel}","templated":true}]}}