{"id":21,"date":"2014-07-17T16:12:01","date_gmt":"2014-07-17T14:12:01","guid":{"rendered":"http:\/\/travel.zoz.de\/?page_id=21"},"modified":"2014-10-16T11:00:43","modified_gmt":"2014-10-16T09:00:43","slug":"urlaubsreisen","status":"publish","type":"page","link":"https:\/\/travel.zoz.de\/?page_id=21","title":{"rendered":"Urlaubsreisen"},"content":{"rendered":"<div>\n<p><strong>Urlaub von Anfang an.<\/strong><br \/>\nEgal, ob Sie ihren Traumurlaub oder eine St\u00e4dtereise buchen m\u00f6chten, wir helfen Ihnen gerne und qualifiziert bei der Erf\u00fcllung Ihrer pers\u00f6nlichen Urlaubsw\u00fcnsche und -tr\u00e4ume.<\/p>\n<p>Ob mit Familie, Gruppe oder als Single &#8211; hier buchen Sie richtig!<br \/>\nZoz Travel ist Ihr kompetenter Partner f\u00fcr Ihren kostbaren Urlaub.<\/p>\n<p>Sie spielen Golf oder sind begeisterter Segler oder Radfahrer?<br \/>\nZoz Travel ist Ihr Pratner f\u00fcr Sportreisen!<\/p>\n<p><strong>Bei uns bekommen Sie alles aus einer Hand.<\/strong><\/p>\n<\/div>\n","protected":false},"excerpt":{"rendered":"<p>Urlaub von Anfang an. Egal, ob Sie ihren Traumurlaub oder eine St\u00e4dtereise buchen m\u00f6chten, wir helfen Ihnen gerne und qualifiziert bei der Erf\u00fcllung Ihrer pers\u00f6nlichen Urlaubsw\u00fcnsche und -tr\u00e4ume. Ob mit Familie, Gruppe oder als Single &#8211; hier buchen Sie richtig!&hellip; <\/p>\n","protected":false},"author":1,"featured_media":0,"parent":0,"menu_order":0,"comment_status":"closed","ping_status":"closed","template":"","meta":[],"_links":{"self":[{"href":"https:\/\/travel.zoz.de\/index.php?rest_route=\/wp\/v2\/pages\/21"}],"collection":[{"href":"https:\/\/travel.zoz.de\/index.php?rest_route=\/wp\/v2\/pages"}],"about":[{"href":"https:\/\/travel.zoz.de\/index.php?rest_route=\/wp\/v2\/types\/page"}],"author":[{"embeddable":true,"href":"https:\/\/travel.zoz.de\/index.php?rest_route=\/wp\/v2\/users\/1"}],"replies":[{"embeddable":true,"href":"https:\/\/travel.zoz.de\/index.php?rest_route=%2Fwp%2Fv2%2Fcomments&post=21"}],"version-history":[{"count":1,"href":"https:\/\/travel.zoz.de\/index.php?rest_route=\/wp\/v2\/pages\/21\/revisions"}],"predecessor-version":[{"id":22,"href":"https:\/\/travel.zoz.de\/index.php?rest_route=\/wp\/v2\/pages\/21\/revisions\/22"}],"wp:attachment":[{"href":"https:\/\/travel.zoz.de\/index.php?rest_route=%2Fwp%2Fv2%2Fmedia&parent=21"}],"curies":[{"name":"wp","href":"https:\/\/api.w.org\/{rel}","templated":true}]}}